{"id":243,"date":"2025-09-26T13:36:13","date_gmt":"2025-09-26T13:36:13","guid":{"rendered":"https:\/\/systeming.net\/cookies\/"},"modified":"2026-04-16T21:57:57","modified_gmt":"2026-04-16T21:57:57","slug":"cookies","status":"publish","type":"page","link":"https:\/\/systeming.net\/en\/cookies\/","title":{"rendered":"Cookies"},"content":{"rendered":"&#13;\n<p data-section-id=\"o5lk0n\" data-start=\"53\" data-end=\"67\">Kdo jsme<\/p>&#13;\n<p>Adresa na\u0161ich webov\u00fdch str\u00e1nek je: <a class=\"decorated-link\" href=\"https:\/\/systeming.net\/en\/\" target=\"_new\" rel=\"noopener\" data-start=\"103\" data-end=\"124\">https:\/\/systeming.net<\/a>.<\/p>&#13;\n<p data-section-id=\"ujrf0t\" data-start=\"132\" data-end=\"147\">Koment\u00e1\u0159e<\/p>&#13;\n<p>Kdy\u017e n\u00e1v\u0161t\u011bvn\u00edci zanechaj\u00ed na webu koment\u00e1\u0159, shroma\u017e\u010fujeme \u00fadaje uveden\u00e9 ve formul\u00e1\u0159i pro koment\u00e1\u0159e, a tak\u00e9 IP adresu n\u00e1v\u0161t\u011bvn\u00edka a \u0159et\u011bzec user agent prohl\u00ed\u017ee\u010de, co\u017e pom\u00e1h\u00e1 p\u0159i detekci spamu.<\/p>&#13;\n<p>Anonymizovan\u00fd \u0159et\u011bzec vytvo\u0159en\u00fd z va\u0161\u00ed e-mailov\u00e9 adresy (tzv. hash) m\u016f\u017ee b\u00fdt poskytnut slu\u017eb\u011b Gravatar za \u00fa\u010delem ov\u011b\u0159en\u00ed, zda ji pou\u017e\u00edv\u00e1te. Z\u00e1sady ochrany osobn\u00edch \u00fadaj\u016f slu\u017eby Gravatar jsou k dispozici zde: <a class=\"decorated-link\" href=\"https:\/\/automattic.com\/privacy\/\" target=\"_new\" rel=\"noopener\" data-start=\"552\" data-end=\"583\">https:\/\/automattic.com\/privacy\/<\/a>. Po schv\u00e1len\u00ed va\u0161eho koment\u00e1\u0159e je v\u00e1\u0161 profilov\u00fd obr\u00e1zek ve\u0159ejn\u011b viditeln\u00fd v kontextu va\u0161eho koment\u00e1\u0159e.<\/p>&#13;\n<p data-section-id=\"1rkk5ou\" data-start=\"693\" data-end=\"704\">M\u00e9dia<\/p>&#13;\n<p>Pokud nahr\u00e1v\u00e1te obr\u00e1zky na web, m\u011bli byste se vyhnout nahr\u00e1v\u00e1n\u00ed obr\u00e1zk\u016f obsahuj\u00edc\u00edch vlo\u017een\u00e1 data o poloze (EXIF GPS). N\u00e1v\u0161t\u011bvn\u00edci webu si mohou st\u00e1hnout a extrahovat jak\u00e1koli data o poloze z obr\u00e1zk\u016f na webu.<\/p>&#13;\n<p data-section-id=\"1h4n3g1\" data-start=\"920\" data-end=\"933\">Cookies<\/p>&#13;\n<p>Pokud na na\u0161em webu zanech\u00e1te koment\u00e1\u0159, m\u016f\u017eete souhlasit s ulo\u017een\u00edm sv\u00e9ho jm\u00e9na, e-mailov\u00e9 adresy a webov\u00e9 str\u00e1nky do cookies. Ty slou\u017e\u00ed pro va\u0161e pohodl\u00ed, abyste nemuseli p\u0159i dal\u0161\u00edm koment\u00e1\u0159i znovu vypl\u0148ovat sv\u00e9 \u00fadaje. Tyto cookies budou ulo\u017eeny po dobu jednoho roku.<\/p>&#13;\n<p>Pokud nav\u0161t\u00edv\u00edte na\u0161i p\u0159ihla\u0161ovac\u00ed str\u00e1nku, nastav\u00edme do\u010dasn\u00fd cookie, abychom ov\u011b\u0159ili, zda v\u00e1\u0161 prohl\u00ed\u017ee\u010d cookies p\u0159ij\u00edm\u00e1. Tento cookie neobsahuje \u017e\u00e1dn\u00e1 osobn\u00ed data a po zav\u0159en\u00ed prohl\u00ed\u017ee\u010de se sma\u017ee.<\/p>&#13;\n<p>Po p\u0159ihl\u00e1\u0161en\u00ed nastav\u00edme n\u011bkolik cookies pro ulo\u017een\u00ed va\u0161ich p\u0159ihla\u0161ovac\u00edch \u00fadaj\u016f a nastaven\u00ed zobrazen\u00ed. P\u0159ihla\u0161ovac\u00ed cookies jsou platn\u00e9 dva dny a cookies pro nastaven\u00ed obrazovky jeden rok. Pokud zvol\u00edte mo\u017enost \u201ePamatovat si m\u011b\u201c, va\u0161e p\u0159ihl\u00e1\u0161en\u00ed z\u016fstane aktivn\u00ed po dobu dvou t\u00fddn\u016f. Po odhl\u00e1\u0161en\u00ed z \u00fa\u010dtu budou p\u0159ihla\u0161ovac\u00ed cookies odstran\u011bny.<\/p>&#13;\n<p>Pokud uprav\u00edte nebo publikujete \u010dl\u00e1nek, ulo\u017e\u00ed se do va\u0161eho prohl\u00ed\u017ee\u010de dal\u0161\u00ed cookie. Tento cookie neobsahuje \u017e\u00e1dn\u00e1 osobn\u00ed data a pouze ozna\u010duje ID \u010dl\u00e1nku, kter\u00fd jste pr\u00e1v\u011b upravili. Jeho platnost vypr\u0161\u00ed po 1 dni.<\/p>&#13;\n<p data-section-id=\"1yqky1e\" data-start=\"1968\" data-end=\"2001\">Vlo\u017een\u00fd obsah z jin\u00fdch web\u016f<\/p>&#13;\n<p>\u010cl\u00e1nky na tomto webu mohou obsahovat vlo\u017een\u00fd obsah (nap\u0159. videa, obr\u00e1zky, \u010dl\u00e1nky apod.). Vlo\u017een\u00fd obsah z jin\u00fdch web\u016f se chov\u00e1 stejn\u011b, jako kdyby n\u00e1v\u0161t\u011bvn\u00edk nav\u0161t\u00edvil dan\u00fd web p\u0159\u00edmo.<\/p>&#13;\n<p>Tyto weby mohou o v\u00e1s shroma\u017e\u010fovat \u00fadaje, pou\u017e\u00edvat cookies, vkl\u00e1dat dal\u0161\u00ed sledovac\u00ed prvky t\u0159et\u00edch stran a monitorovat va\u0161i interakci s t\u00edmto vlo\u017een\u00fdm obsahem, v\u010detn\u011b sledov\u00e1n\u00ed interakce, pokud m\u00e1te \u00fa\u010det a jste na dan\u00e9m webu p\u0159ihl\u00e1\u0161eni.<\/p>&#13;\n<p data-section-id=\"pisqke\" data-start=\"2429\" data-end=\"2459\">S k\u00fdm sd\u00edl\u00edme va\u0161e \u00fadaje<\/p>&#13;\n<p data-start=\"2460\" data-end=\"2538\">Pokud po\u017e\u00e1d\u00e1te o reset hesla, va\u0161e IP adresa bude uvedena v e-mailu pro reset.<\/p>&#13;\n<p data-section-id=\"1naop2h\" data-start=\"2545\" data-end=\"2583\">Jak dlouho uchov\u00e1v\u00e1me va\u0161e \u00fadaje<\/p>&#13;\n<p>Pokud zanech\u00e1te koment\u00e1\u0159, koment\u00e1\u0159 a jeho metadata jsou uchov\u00e1v\u00e1ny po neomezenou dobu. To n\u00e1m umo\u017e\u0148uje automaticky rozpoznat a schv\u00e1lit n\u00e1sledn\u00e9 koment\u00e1\u0159e m\u00edsto jejich dr\u017een\u00ed ve front\u011b ke schv\u00e1len\u00ed.<\/p>&#13;\n<p>U u\u017eivatel\u016f, kte\u0159\u00ed se na na\u0161em webu zaregistruj\u00ed (pokud takov\u00ed jsou), ukl\u00e1d\u00e1me tak\u00e9 osobn\u00ed \u00fadaje, kter\u00e9 uvedou ve sv\u00e9m u\u017eivatelsk\u00e9m profilu. V\u0161ichni u\u017eivatel\u00e9 mohou sv\u00e9 osobn\u00ed \u00fadaje kdykoli zobrazit, upravit nebo smazat (krom\u011b u\u017eivatelsk\u00e9ho jm\u00e9na, kter\u00e9 zm\u011bnit nelze). Administr\u00e1to\u0159i webu mohou tyto \u00fadaje tak\u00e9 zobrazit a upravit.<\/p>&#13;\n<p data-section-id=\"1t1lc02\" data-start=\"3123\" data-end=\"3159\">Jak\u00e1 m\u00e1te pr\u00e1va ke sv\u00fdm \u00fadaj\u016fm<\/p>&#13;\n<p>Pokud m\u00e1te na tomto webu \u00fa\u010det nebo jste zde zanechali koment\u00e1\u0159e, m\u016f\u017eete po\u017e\u00e1dat o export souboru s osobn\u00edmi \u00fadaji, kter\u00e9 o v\u00e1s uchov\u00e1v\u00e1me, v\u010detn\u011b \u00fadaj\u016f, kter\u00e9 jste n\u00e1m poskytli. M\u016f\u017eete tak\u00e9 po\u017e\u00e1dat o vymaz\u00e1n\u00ed v\u0161ech osobn\u00edch \u00fadaj\u016f, kter\u00e9 o v\u00e1s evidujeme. To se net\u00fdk\u00e1 \u00fadaj\u016f, kter\u00e9 jsme povinni uchov\u00e1vat z administrativn\u00edch, pr\u00e1vn\u00edch nebo bezpe\u010dnostn\u00edch d\u016fvod\u016f.<\/p>&#13;\n<p data-section-id=\"1tl7l7\" data-start=\"3527\" data-end=\"3562\">Kam jsou va\u0161e \u00fadaje odes\u00edl\u00e1ny<\/p>&#13;\n<p>Koment\u00e1\u0159e n\u00e1v\u0161t\u011bvn\u00edk\u016f mohou b\u00fdt kontrolov\u00e1ny prost\u0159ednictv\u00edm automatizovan\u00e9 slu\u017eby detekce spamu.<\/p>&#13;\n<p><\/p><\/p>\n<p>&nbsp;<\/p>\n","protected":false},"excerpt":{"rendered":"<p>&#13; Kdo jsme &#13; Adresa na\u0161ich webov\u00fdch str\u00e1nek je: https:\/\/systeming.net. &#13; Koment\u00e1\u0159e &#13; Kdy\u017e n\u00e1v\u0161t\u011bvn\u00edci zanechaj\u00ed na webu koment\u00e1\u0159, shroma\u017e\u010fujeme \u00fadaje uveden\u00e9 ve formul\u00e1\u0159i pro koment\u00e1\u0159e, a tak\u00e9 IP adresu n\u00e1v\u0161t\u011bvn\u00edka a \u0159et\u011bzec user agent prohl\u00ed\u017ee\u010de, co\u017e pom\u00e1h\u00e1 p\u0159i detekci spamu. &#13; Anonymizovan\u00fd \u0159et\u011bzec vytvo\u0159en\u00fd z va\u0161\u00ed e-mailov\u00e9 adresy (tzv. hash) m\u016f\u017ee b\u00fdt poskytnut slu\u017eb\u011b [&hellip;]<\/p>\n","protected":false},"author":1,"featured_media":0,"parent":0,"menu_order":0,"comment_status":"closed","ping_status":"closed","template":"templates\/text-page.php","meta":{"_acf_changed":false,"footnotes":""},"class_list":["post-243","page","type-page","status-publish","hentry"],"acf":[],"yoast_head":"<!-- This site is optimized with the Yoast SEO plugin v27.4 - https:\/\/yoast.com\/product\/yoast-seo-wordpress\/ -->\n<title>Cookies - Systeming<\/title>\n<meta name=\"robots\" content=\"index, follow, max-snippet:-1, max-image-preview:large, max-video-preview:-1\" \/>\n<link rel=\"canonical\" href=\"https:\/\/systeming.net\/en\/cookies\/\" \/>\n<meta property=\"og:locale\" content=\"en_US\" \/>\n<meta property=\"og:type\" content=\"article\" \/>\n<meta property=\"og:title\" content=\"Cookies - Systeming\" \/>\n<meta property=\"og:description\" content=\"&#013; Kdo jsme &#013; Adresa na\u0161ich webov\u00fdch str\u00e1nek je: https:\/\/systeming.net. &#013; Koment\u00e1\u0159e &#013; Kdy\u017e n\u00e1v\u0161t\u011bvn\u00edci zanechaj\u00ed na webu koment\u00e1\u0159, shroma\u017e\u010fujeme \u00fadaje uveden\u00e9 ve formul\u00e1\u0159i pro koment\u00e1\u0159e, a tak\u00e9 IP adresu n\u00e1v\u0161t\u011bvn\u00edka a \u0159et\u011bzec user agent prohl\u00ed\u017ee\u010de, co\u017e pom\u00e1h\u00e1 p\u0159i detekci spamu. &#013; Anonymizovan\u00fd \u0159et\u011bzec vytvo\u0159en\u00fd z va\u0161\u00ed e-mailov\u00e9 adresy (tzv. hash) m\u016f\u017ee b\u00fdt poskytnut slu\u017eb\u011b [&hellip;]\" \/>\n<meta property=\"og:url\" content=\"https:\/\/systeming.net\/en\/cookies\/\" \/>\n<meta property=\"og:site_name\" content=\"Systeming\" \/>\n<meta property=\"article:modified_time\" content=\"2026-04-16T21:57:57+00:00\" \/>\n<meta name=\"twitter:card\" content=\"summary_large_image\" \/>\n<meta name=\"twitter:label1\" content=\"Est. reading time\" \/>\n\t<meta name=\"twitter:data1\" content=\"4 minutes\" \/>\n<script type=\"application\/ld+json\" class=\"yoast-schema-graph\">{\"@context\":\"https:\\\/\\\/schema.org\",\"@graph\":[{\"@type\":\"WebPage\",\"@id\":\"https:\\\/\\\/systeming.net\\\/en\\\/cookies\\\/\",\"url\":\"https:\\\/\\\/systeming.net\\\/en\\\/cookies\\\/\",\"name\":\"Cookies - Systeming\",\"isPartOf\":{\"@id\":\"https:\\\/\\\/systeming.net\\\/#website\"},\"datePublished\":\"2025-09-26T13:36:13+00:00\",\"dateModified\":\"2026-04-16T21:57:57+00:00\",\"breadcrumb\":{\"@id\":\"https:\\\/\\\/systeming.net\\\/en\\\/cookies\\\/#breadcrumb\"},\"inLanguage\":\"en-US\",\"potentialAction\":[{\"@type\":\"ReadAction\",\"target\":[\"https:\\\/\\\/systeming.net\\\/en\\\/cookies\\\/\"]}]},{\"@type\":\"BreadcrumbList\",\"@id\":\"https:\\\/\\\/systeming.net\\\/en\\\/cookies\\\/#breadcrumb\",\"itemListElement\":[{\"@type\":\"ListItem\",\"position\":1,\"name\":\"Dom\u016f\",\"item\":\"https:\\\/\\\/systeming.net\\\/en\\\/\"},{\"@type\":\"ListItem\",\"position\":2,\"name\":\"Cookies\"}]},{\"@type\":\"WebSite\",\"@id\":\"https:\\\/\\\/systeming.net\\\/#website\",\"url\":\"https:\\\/\\\/systeming.net\\\/\",\"name\":\"Systeming\",\"description\":\"\",\"potentialAction\":[{\"@type\":\"SearchAction\",\"target\":{\"@type\":\"EntryPoint\",\"urlTemplate\":\"https:\\\/\\\/systeming.net\\\/?s={search_term_string}\"},\"query-input\":{\"@type\":\"PropertyValueSpecification\",\"valueRequired\":true,\"valueName\":\"search_term_string\"}}],\"inLanguage\":\"en-US\"}]}<\/script>\n<!-- \/ Yoast SEO plugin. -->","yoast_head_json":{"title":"Cookies - Systeming","robots":{"index":"index","follow":"follow","max-snippet":"max-snippet:-1","max-image-preview":"max-image-preview:large","max-video-preview":"max-video-preview:-1"},"canonical":"https:\/\/systeming.net\/en\/cookies\/","og_locale":"en_US","og_type":"article","og_title":"Cookies - Systeming","og_description":"&#13; Kdo jsme &#13; Adresa na\u0161ich webov\u00fdch str\u00e1nek je: https:\/\/systeming.net. &#13; Koment\u00e1\u0159e &#13; Kdy\u017e n\u00e1v\u0161t\u011bvn\u00edci zanechaj\u00ed na webu koment\u00e1\u0159, shroma\u017e\u010fujeme \u00fadaje uveden\u00e9 ve formul\u00e1\u0159i pro koment\u00e1\u0159e, a tak\u00e9 IP adresu n\u00e1v\u0161t\u011bvn\u00edka a \u0159et\u011bzec user agent prohl\u00ed\u017ee\u010de, co\u017e pom\u00e1h\u00e1 p\u0159i detekci spamu. &#13; Anonymizovan\u00fd \u0159et\u011bzec vytvo\u0159en\u00fd z va\u0161\u00ed e-mailov\u00e9 adresy (tzv. hash) m\u016f\u017ee b\u00fdt poskytnut slu\u017eb\u011b [&hellip;]","og_url":"https:\/\/systeming.net\/en\/cookies\/","og_site_name":"Systeming","article_modified_time":"2026-04-16T21:57:57+00:00","twitter_card":"summary_large_image","twitter_misc":{"Est. reading time":"4 minutes"},"schema":{"@context":"https:\/\/schema.org","@graph":[{"@type":"WebPage","@id":"https:\/\/systeming.net\/en\/cookies\/","url":"https:\/\/systeming.net\/en\/cookies\/","name":"Cookies - Systeming","isPartOf":{"@id":"https:\/\/systeming.net\/#website"},"datePublished":"2025-09-26T13:36:13+00:00","dateModified":"2026-04-16T21:57:57+00:00","breadcrumb":{"@id":"https:\/\/systeming.net\/en\/cookies\/#breadcrumb"},"inLanguage":"en-US","potentialAction":[{"@type":"ReadAction","target":["https:\/\/systeming.net\/en\/cookies\/"]}]},{"@type":"BreadcrumbList","@id":"https:\/\/systeming.net\/en\/cookies\/#breadcrumb","itemListElement":[{"@type":"ListItem","position":1,"name":"Dom\u016f","item":"https:\/\/systeming.net\/en\/"},{"@type":"ListItem","position":2,"name":"Cookies"}]},{"@type":"WebSite","@id":"https:\/\/systeming.net\/#website","url":"https:\/\/systeming.net\/","name":"Systeming","description":"","potentialAction":[{"@type":"SearchAction","target":{"@type":"EntryPoint","urlTemplate":"https:\/\/systeming.net\/?s={search_term_string}"},"query-input":{"@type":"PropertyValueSpecification","valueRequired":true,"valueName":"search_term_string"}}],"inLanguage":"en-US"}]}},"_links":{"self":[{"href":"https:\/\/systeming.net\/en\/wp-json\/wp\/v2\/pages\/243","targetHints":{"allow":["GET"]}}],"collection":[{"href":"https:\/\/systeming.net\/en\/wp-json\/wp\/v2\/pages"}],"about":[{"href":"https:\/\/systeming.net\/en\/wp-json\/wp\/v2\/types\/page"}],"author":[{"embeddable":true,"href":"https:\/\/systeming.net\/en\/wp-json\/wp\/v2\/users\/1"}],"replies":[{"embeddable":true,"href":"https:\/\/systeming.net\/en\/wp-json\/wp\/v2\/comments?post=243"}],"version-history":[{"count":9,"href":"https:\/\/systeming.net\/en\/wp-json\/wp\/v2\/pages\/243\/revisions"}],"predecessor-version":[{"id":453,"href":"https:\/\/systeming.net\/en\/wp-json\/wp\/v2\/pages\/243\/revisions\/453"}],"wp:attachment":[{"href":"https:\/\/systeming.net\/en\/wp-json\/wp\/v2\/media?parent=243"}],"curies":[{"name":"wp","href":"https:\/\/api.w.org\/{rel}","templated":true}]}}